{"id":2119,"date":"2021-01-22T12:02:37","date_gmt":"2021-01-22T11:02:37","guid":{"rendered":"http:\/\/universalpneu.be\/work\/?page_id=2119"},"modified":"2025-09-18T22:23:14","modified_gmt":"2025-09-18T20:23:14","slug":"leasing","status":"publish","type":"page","link":"https:\/\/universalpneu.be\/nl\/services\/leasing\/","title":{"rendered":"Leasing"},"content":{"rendered":"<div class=\"vc-row-container container\"><div class=\"vc_row wpb_row vc_row-fluid\"><div class=\"wpb_column vc_column_container vc_col-sm-12 vc_col-has-fill\"><div class=\"vc_column-inner vc_custom_1611765236698\"><div class=\"wpb_wrapper\"><div id=\"client-logos-551351\" class=\"lab-clients-logos logos-holder  showcase vc_custom_1611829905602 no-image-borders\">\n\n\t\t    <div class=\"client-logos-col col-2\">\n\n        <div class=\"c-logo wow fadeInLab\" data-wow-duration=\"1s\">\n\t\t\t\t\t\t\t<img loading=\"lazy\" decoding=\"async\" width=\"150\" height=\"150\" src=\"https:\/\/universalpneu.be\/work\/wp-content\/uploads\/2025\/05\/ayv_logoE_SereneBlue_288_sq-150x150.png\" class=\"img-responsive attachment-thumbnail\" alt=\"\" srcset=\"https:\/\/universalpneu.be\/work\/wp-content\/uploads\/2025\/05\/ayv_logoE_SereneBlue_288_sq-150x150.png 150w, https:\/\/universalpneu.be\/work\/wp-content\/uploads\/2025\/05\/ayv_logoE_SereneBlue_288_sq-300x300.png 300w, https:\/\/universalpneu.be\/work\/wp-content\/uploads\/2025\/05\/ayv_logoE_SereneBlue_288_sq-1024x1024.png 1024w, https:\/\/universalpneu.be\/work\/wp-content\/uploads\/2025\/05\/ayv_logoE_SereneBlue_288_sq-768x768.png 768w, https:\/\/universalpneu.be\/work\/wp-content\/uploads\/2025\/05\/ayv_logoE_SereneBlue_288_sq-12x12.png 12w, https:\/\/universalpneu.be\/work\/wp-content\/uploads\/2025\/05\/ayv_logoE_SereneBlue_288_sq-468x468.png 468w, https:\/\/universalpneu.be\/work\/wp-content\/uploads\/2025\/05\/ayv_logoE_SereneBlue_288_sq-1116x1116.png 1116w, https:\/\/universalpneu.be\/work\/wp-content\/uploads\/2025\/05\/ayv_logoE_SereneBlue_288_sq-806x806.png 806w, https:\/\/universalpneu.be\/work\/wp-content\/uploads\/2025\/05\/ayv_logoE_SereneBlue_288_sq-558x558.png 558w, https:\/\/universalpneu.be\/work\/wp-content\/uploads\/2025\/05\/ayv_logoE_SereneBlue_288_sq-655x655.png 655w, https:\/\/universalpneu.be\/work\/wp-content\/uploads\/2025\/05\/ayv_logoE_SereneBlue_288_sq-820x820.png 820w, https:\/\/universalpneu.be\/work\/wp-content\/uploads\/2025\/05\/ayv_logoE_SereneBlue_288_sq-220x220.png 220w, https:\/\/universalpneu.be\/work\/wp-content\/uploads\/2025\/05\/ayv_logoE_SereneBlue_288_sq.png 1455w\" sizes=\"auto, (max-width: 150px) 100vw, 150px\" \/>\t\t\t\n\t\t\t        <\/div>\n\n    <\/div>\n    <div class=\"client-logos-col col-2\">\n\n        <div class=\"c-logo wow fadeInLab\" data-wow-duration=\"1s\">\n\t\t\t\t\t\t\t<img loading=\"lazy\" decoding=\"async\" width=\"150\" height=\"150\" src=\"https:\/\/universalpneu.be\/work\/wp-content\/uploads\/2021\/01\/kbc-150x150.jpg\" class=\"img-responsive attachment-thumbnail\" alt=\"\" srcset=\"https:\/\/universalpneu.be\/work\/wp-content\/uploads\/2021\/01\/kbc-150x150.jpg 150w, https:\/\/universalpneu.be\/work\/wp-content\/uploads\/2021\/01\/kbc-300x300.jpg 300w, https:\/\/universalpneu.be\/work\/wp-content\/uploads\/2021\/01\/kbc-12x12.jpg 12w, https:\/\/universalpneu.be\/work\/wp-content\/uploads\/2021\/01\/kbc-468x468.jpg 468w, https:\/\/universalpneu.be\/work\/wp-content\/uploads\/2021\/01\/kbc-220x220.jpg 220w, https:\/\/universalpneu.be\/work\/wp-content\/uploads\/2021\/01\/kbc.jpg 480w\" sizes=\"auto, (max-width: 150px) 100vw, 150px\" \/>\t\t\t\n\t\t\t        <\/div>\n\n    <\/div>\n    <div class=\"client-logos-col col-2\">\n\n        <div class=\"c-logo wow fadeInLab\" data-wow-duration=\"1s\">\n\t\t\t\t\t\t\t<img loading=\"lazy\" decoding=\"async\" width=\"150\" height=\"150\" src=\"https:\/\/universalpneu.be\/work\/wp-content\/uploads\/2021\/01\/ge-150x150.jpg\" class=\"img-responsive attachment-thumbnail\" alt=\"\" srcset=\"https:\/\/universalpneu.be\/work\/wp-content\/uploads\/2021\/01\/ge-150x150.jpg 150w, https:\/\/universalpneu.be\/work\/wp-content\/uploads\/2021\/01\/ge-300x300.jpg 300w, https:\/\/universalpneu.be\/work\/wp-content\/uploads\/2021\/01\/ge-12x12.jpg 12w, https:\/\/universalpneu.be\/work\/wp-content\/uploads\/2021\/01\/ge-468x468.jpg 468w, https:\/\/universalpneu.be\/work\/wp-content\/uploads\/2021\/01\/ge-220x220.jpg 220w, https:\/\/universalpneu.be\/work\/wp-content\/uploads\/2021\/01\/ge.jpg 480w\" sizes=\"auto, (max-width: 150px) 100vw, 150px\" \/>\t\t\t\n\t\t\t        <\/div>\n\n    <\/div>\n    <div class=\"client-logos-col col-2\">\n\n        <div class=\"c-logo wow fadeInLab\" data-wow-duration=\"1s\">\n\t\t\t\t\t\t\t<img loading=\"lazy\" decoding=\"async\" width=\"150\" height=\"150\" src=\"https:\/\/universalpneu.be\/work\/wp-content\/uploads\/2021\/01\/excelease-150x150.jpg\" class=\"img-responsive attachment-thumbnail\" alt=\"\" srcset=\"https:\/\/universalpneu.be\/work\/wp-content\/uploads\/2021\/01\/excelease-150x150.jpg 150w, https:\/\/universalpneu.be\/work\/wp-content\/uploads\/2021\/01\/excelease-300x300.jpg 300w, https:\/\/universalpneu.be\/work\/wp-content\/uploads\/2021\/01\/excelease-12x12.jpg 12w, https:\/\/universalpneu.be\/work\/wp-content\/uploads\/2021\/01\/excelease-468x468.jpg 468w, https:\/\/universalpneu.be\/work\/wp-content\/uploads\/2021\/01\/excelease-220x220.jpg 220w, https:\/\/universalpneu.be\/work\/wp-content\/uploads\/2021\/01\/excelease.jpg 480w\" sizes=\"auto, (max-width: 150px) 100vw, 150px\" \/>\t\t\t\n\t\t\t        <\/div>\n\n    <\/div>\n    <div class=\"client-logos-col col-2\">\n\n        <div class=\"c-logo wow fadeInLab\" data-wow-duration=\"1s\">\n\t\t\t\t\t\t\t<img loading=\"lazy\" decoding=\"async\" width=\"150\" height=\"150\" src=\"https:\/\/universalpneu.be\/work\/wp-content\/uploads\/2021\/01\/athlon-150x150.jpg\" class=\"img-responsive attachment-thumbnail\" alt=\"\" srcset=\"https:\/\/universalpneu.be\/work\/wp-content\/uploads\/2021\/01\/athlon-150x150.jpg 150w, https:\/\/universalpneu.be\/work\/wp-content\/uploads\/2021\/01\/athlon-300x300.jpg 300w, https:\/\/universalpneu.be\/work\/wp-content\/uploads\/2021\/01\/athlon-12x12.jpg 12w, https:\/\/universalpneu.be\/work\/wp-content\/uploads\/2021\/01\/athlon-468x468.jpg 468w, https:\/\/universalpneu.be\/work\/wp-content\/uploads\/2021\/01\/athlon-220x220.jpg 220w, https:\/\/universalpneu.be\/work\/wp-content\/uploads\/2021\/01\/athlon.jpg 480w\" sizes=\"auto, (max-width: 150px) 100vw, 150px\" \/>\t\t\t\n\t\t\t        <\/div>\n\n    <\/div>\n    <div class=\"client-logos-col col-2\">\n\n        <div class=\"c-logo wow fadeInLab\" data-wow-duration=\"1s\">\n\t\t\t\t\t\t\t<img loading=\"lazy\" decoding=\"async\" width=\"150\" height=\"150\" src=\"https:\/\/universalpneu.be\/work\/wp-content\/uploads\/2021\/01\/arval-150x150.jpg\" class=\"img-responsive attachment-thumbnail\" alt=\"\" srcset=\"https:\/\/universalpneu.be\/work\/wp-content\/uploads\/2021\/01\/arval-150x150.jpg 150w, https:\/\/universalpneu.be\/work\/wp-content\/uploads\/2021\/01\/arval-300x300.jpg 300w, https:\/\/universalpneu.be\/work\/wp-content\/uploads\/2021\/01\/arval-12x12.jpg 12w, https:\/\/universalpneu.be\/work\/wp-content\/uploads\/2021\/01\/arval-468x468.jpg 468w, https:\/\/universalpneu.be\/work\/wp-content\/uploads\/2021\/01\/arval-220x220.jpg 220w, https:\/\/universalpneu.be\/work\/wp-content\/uploads\/2021\/01\/arval.jpg 480w\" sizes=\"auto, (max-width: 150px) 100vw, 150px\" \/>\t\t\t\n\t\t\t        <\/div>\n\n    <\/div>\n    <div class=\"client-logos-col col-2\">\n\n        <div class=\"c-logo wow fadeInLab\" data-wow-duration=\"1s\">\n\t\t\t\t\t\t\t<img loading=\"lazy\" decoding=\"async\" width=\"150\" height=\"150\" src=\"https:\/\/universalpneu.be\/work\/wp-content\/uploads\/2021\/01\/westlease-150x150.jpg\" class=\"img-responsive attachment-thumbnail\" alt=\"\" srcset=\"https:\/\/universalpneu.be\/work\/wp-content\/uploads\/2021\/01\/westlease-150x150.jpg 150w, https:\/\/universalpneu.be\/work\/wp-content\/uploads\/2021\/01\/westlease-300x300.jpg 300w, https:\/\/universalpneu.be\/work\/wp-content\/uploads\/2021\/01\/westlease-12x12.jpg 12w, https:\/\/universalpneu.be\/work\/wp-content\/uploads\/2021\/01\/westlease-468x468.jpg 468w, https:\/\/universalpneu.be\/work\/wp-content\/uploads\/2021\/01\/westlease-558x558.jpg 558w, https:\/\/universalpneu.be\/work\/wp-content\/uploads\/2021\/01\/westlease-655x655.jpg 655w, https:\/\/universalpneu.be\/work\/wp-content\/uploads\/2021\/01\/westlease-220x220.jpg 220w, https:\/\/universalpneu.be\/work\/wp-content\/uploads\/2021\/01\/westlease.jpg 720w\" sizes=\"auto, (max-width: 150px) 100vw, 150px\" \/>\t\t\t\n\t\t\t        <\/div>\n\n    <\/div>\n    <div class=\"client-logos-col col-2\">\n\n        <div class=\"c-logo wow fadeInLab\" data-wow-duration=\"1s\">\n\t\t\t\t\t\t\t<img loading=\"lazy\" decoding=\"async\" width=\"150\" height=\"150\" src=\"https:\/\/universalpneu.be\/work\/wp-content\/uploads\/2021\/01\/mercedes-150x150.jpg\" class=\"img-responsive attachment-thumbnail\" alt=\"\" srcset=\"https:\/\/universalpneu.be\/work\/wp-content\/uploads\/2021\/01\/mercedes-150x150.jpg 150w, https:\/\/universalpneu.be\/work\/wp-content\/uploads\/2021\/01\/mercedes-300x300.jpg 300w, https:\/\/universalpneu.be\/work\/wp-content\/uploads\/2021\/01\/mercedes-12x12.jpg 12w, https:\/\/universalpneu.be\/work\/wp-content\/uploads\/2021\/01\/mercedes-468x468.jpg 468w, https:\/\/universalpneu.be\/work\/wp-content\/uploads\/2021\/01\/mercedes-558x558.jpg 558w, https:\/\/universalpneu.be\/work\/wp-content\/uploads\/2021\/01\/mercedes-655x655.jpg 655w, https:\/\/universalpneu.be\/work\/wp-content\/uploads\/2021\/01\/mercedes-220x220.jpg 220w, https:\/\/universalpneu.be\/work\/wp-content\/uploads\/2021\/01\/mercedes.jpg 720w\" sizes=\"auto, (max-width: 150px) 100vw, 150px\" \/>\t\t\t\n\t\t\t        <\/div>\n\n    <\/div>\n    <div class=\"client-logos-col col-2\">\n\n        <div class=\"c-logo wow fadeInLab\" data-wow-duration=\"1s\">\n\t\t\t\t\t\t\t<img loading=\"lazy\" decoding=\"async\" width=\"150\" height=\"150\" src=\"https:\/\/universalpneu.be\/work\/wp-content\/uploads\/2021\/01\/belfius-150x150.jpg\" class=\"img-responsive attachment-thumbnail\" alt=\"\" srcset=\"https:\/\/universalpneu.be\/work\/wp-content\/uploads\/2021\/01\/belfius-150x150.jpg 150w, https:\/\/universalpneu.be\/work\/wp-content\/uploads\/2021\/01\/belfius-300x300.jpg 300w, https:\/\/universalpneu.be\/work\/wp-content\/uploads\/2021\/01\/belfius-12x12.jpg 12w, https:\/\/universalpneu.be\/work\/wp-content\/uploads\/2021\/01\/belfius-468x468.jpg 468w, https:\/\/universalpneu.be\/work\/wp-content\/uploads\/2021\/01\/belfius-558x558.jpg 558w, https:\/\/universalpneu.be\/work\/wp-content\/uploads\/2021\/01\/belfius-655x655.jpg 655w, https:\/\/universalpneu.be\/work\/wp-content\/uploads\/2021\/01\/belfius-220x220.jpg 220w, https:\/\/universalpneu.be\/work\/wp-content\/uploads\/2021\/01\/belfius.jpg 720w\" sizes=\"auto, (max-width: 150px) 100vw, 150px\" \/>\t\t\t\n\t\t\t        <\/div>\n\n    <\/div>\n    <div class=\"client-logos-col col-2\">\n\n        <div class=\"c-logo wow fadeInLab\" data-wow-duration=\"1s\">\n\t\t\t\t\t\t\t<img loading=\"lazy\" decoding=\"async\" width=\"150\" height=\"150\" src=\"https:\/\/universalpneu.be\/work\/wp-content\/uploads\/2021\/01\/ing-150x150.jpg\" class=\"img-responsive attachment-thumbnail\" alt=\"\" srcset=\"https:\/\/universalpneu.be\/work\/wp-content\/uploads\/2021\/01\/ing-150x150.jpg 150w, https:\/\/universalpneu.be\/work\/wp-content\/uploads\/2021\/01\/ing-12x12.jpg 12w, https:\/\/universalpneu.be\/work\/wp-content\/uploads\/2021\/01\/ing-220x220.jpg 220w, https:\/\/universalpneu.be\/work\/wp-content\/uploads\/2021\/01\/ing.jpg 268w\" sizes=\"auto, (max-width: 150px) 100vw, 150px\" \/>\t\t\t\n\t\t\t        <\/div>\n\n    <\/div>\n    <div class=\"client-logos-col col-2\">\n\n        <div class=\"c-logo wow fadeInLab\" data-wow-duration=\"1s\">\n\t\t\t\t\t\t\t<img loading=\"lazy\" decoding=\"async\" width=\"150\" height=\"150\" src=\"https:\/\/universalpneu.be\/work\/wp-content\/uploads\/2021\/01\/JT-Autolease-150x150.jpg\" class=\"img-responsive attachment-thumbnail\" alt=\"\" srcset=\"https:\/\/universalpneu.be\/work\/wp-content\/uploads\/2021\/01\/JT-Autolease-150x150.jpg 150w, https:\/\/universalpneu.be\/work\/wp-content\/uploads\/2021\/01\/JT-Autolease-300x300.jpg 300w, https:\/\/universalpneu.be\/work\/wp-content\/uploads\/2021\/01\/JT-Autolease-12x12.jpg 12w, https:\/\/universalpneu.be\/work\/wp-content\/uploads\/2021\/01\/JT-Autolease-468x468.jpg 468w, https:\/\/universalpneu.be\/work\/wp-content\/uploads\/2021\/01\/JT-Autolease-558x558.jpg 558w, https:\/\/universalpneu.be\/work\/wp-content\/uploads\/2021\/01\/JT-Autolease-655x655.jpg 655w, https:\/\/universalpneu.be\/work\/wp-content\/uploads\/2021\/01\/JT-Autolease-220x220.jpg 220w, https:\/\/universalpneu.be\/work\/wp-content\/uploads\/2021\/01\/JT-Autolease.jpg 720w\" sizes=\"auto, (max-width: 150px) 100vw, 150px\" \/>\t\t\t\n\t\t\t        <\/div>\n\n    <\/div>\n\n<\/div><div class=\"vc_separator wpb_content_element vc_separator_align_center vc_sep_width_100 vc_sep_pos_align_center vc_separator_no_text vc_sep_color_grey\" ><span class=\"vc_sep_holder vc_sep_holder_l\"><span  class=\"vc_sep_line\"><\/span><\/span><span class=\"vc_sep_holder vc_sep_holder_r\"><span  class=\"vc_sep_line\"><\/span><\/span>\n<\/div><\/div><\/div><\/div><\/div><\/div><div class=\"vc-row-container container\"><div class=\"vc_row wpb_row vc_row-fluid\"><div class=\"wpb_column vc_column_container vc_col-sm-6\"><div class=\"vc_column-inner\"><div class=\"wpb_wrapper\">\n\t<div class=\"wpb_text_column wpb_content_element  wpb_animate_when_almost_visible wpb_fadeInLeft fadeInLeft post-formatting\" >\n\t\t<div class=\"wpb_wrapper\">\n\t\t\t<p>We accepteren alle voertuigen in leasing en opslaan uw zomer \/ winterbanden.<\/p>\n\n\t\t<\/div>\n\t<\/div>\n<div class=\"vc_row wpb_row vc_inner vc_row-fluid\"><div class=\"wpb_column vc_column_container vc_col-sm-6\"><div class=\"vc_column-inner\"><div class=\"wpb_wrapper\"><div class=\"vc_btn3-container  wpb_animate_when_almost_visible wpb_fadeInLeft fadeInLeft vc_btn3-center\" ><a style=\"background-color:#da0c18; color:#ffffff;\" class=\"vc_general vc_btn3 vc_btn3-size-md vc_btn3-shape-rounded vc_btn3-style-custom vc_btn3-icon-left\" href=\"http:\/\/www.clicrdv.com\/universal-pneu\" title=\"\" target=\"_blank\"><i class=\"vc_btn3-icon far fa-calendar-alt\"><\/i> Afspraak Brussel<\/a><\/div><\/div><\/div><\/div><div class=\"wpb_column vc_column_container vc_col-sm-6\"><div class=\"vc_column-inner\"><div class=\"wpb_wrapper\"><div class=\"vc_btn3-container  wpb_animate_when_almost_visible wpb_fadeInLeft fadeInLeft vc_btn3-center\" ><a style=\"background-color:#da0c18; color:#ffffff;\" class=\"vc_general vc_btn3 vc_btn3-size-md vc_btn3-shape-rounded vc_btn3-style-custom vc_btn3-icon-left\" href=\"http:\/\/clicrdv.com\/universal-pneu-mons\" title=\"\" target=\"_blank\"><i class=\"vc_btn3-icon far fa-calendar-alt\"><\/i> Afspraak Bergen<\/a><\/div><\/div><\/div><\/div><\/div><\/div><\/div><\/div><div class=\"wpb_column vc_column_container vc_col-sm-6\"><div class=\"vc_column-inner\"><div class=\"wpb_wrapper\">\n\t<div  class=\"wpb_single_image wpb_content_element vc_align_left  wpb_animate_when_almost_visible wpb_fadeInRight fadeInRight\">\n\t\t\n\t\t<figure class=\"wpb_wrapper vc_figure\">\n\t\t\t<div class=\"vc_single_image-wrapper   vc_box_border_grey\"><img loading=\"lazy\" decoding=\"async\" width=\"800\" height=\"533\" src=\"https:\/\/universalpneu.be\/work\/wp-content\/uploads\/2021\/01\/CQ7D8816.jpg\" class=\"vc_single_image-img attachment-full\" alt=\"\" srcset=\"https:\/\/universalpneu.be\/work\/wp-content\/uploads\/2021\/01\/CQ7D8816.jpg 800w, https:\/\/universalpneu.be\/work\/wp-content\/uploads\/2021\/01\/CQ7D8816-300x200.jpg 300w, https:\/\/universalpneu.be\/work\/wp-content\/uploads\/2021\/01\/CQ7D8816-768x512.jpg 768w, https:\/\/universalpneu.be\/work\/wp-content\/uploads\/2021\/01\/CQ7D8816-16x12.jpg 16w, https:\/\/universalpneu.be\/work\/wp-content\/uploads\/2021\/01\/CQ7D8816-558x372.jpg 558w, https:\/\/universalpneu.be\/work\/wp-content\/uploads\/2021\/01\/CQ7D8816-655x436.jpg 655w\" sizes=\"auto, (max-width: 800px) 100vw, 800px\" \/><\/div>\n\t\t<\/figure>\n\t<\/div>\n<\/div><\/div><\/div><\/div><\/div><div class=\"vc-row-container container\"><div class=\"vc_row wpb_row vc_row-fluid\"><div class=\"wpb_column vc_column_container vc_col-sm-12\"><div class=\"vc_column-inner\"><div class=\"wpb_wrapper\"><div class=\"vc_separator wpb_content_element vc_separator_align_center vc_sep_width_100 vc_sep_pos_align_center vc_separator_no_text vc_sep_color_grey\" ><span class=\"vc_sep_holder vc_sep_holder_l\"><span  class=\"vc_sep_line\"><\/span><\/span><span class=\"vc_sep_holder vc_sep_holder_r\"><span  class=\"vc_sep_line\"><\/span><\/span>\n<\/div><\/div><\/div><\/div><\/div><\/div>","protected":false},"excerpt":{"rendered":"Nous acceptons tous les v\u00e9hicules sous leasing et stockons vos pneus \u00e9t\u00e9\/hiver. RDV Bruxelles RDV Mons","protected":false},"author":1,"featured_media":2167,"parent":8,"menu_order":0,"comment_status":"closed","ping_status":"closed","template":"","meta":{"footnotes":""},"class_list":["post-2119","page","type-page","status-publish","has-post-thumbnail","hentry"],"acf":[],"_links":{"self":[{"href":"https:\/\/universalpneu.be\/nl\/wp-json\/wp\/v2\/pages\/2119","targetHints":{"allow":["GET"]}}],"collection":[{"href":"https:\/\/universalpneu.be\/nl\/wp-json\/wp\/v2\/pages"}],"about":[{"href":"https:\/\/universalpneu.be\/nl\/wp-json\/wp\/v2\/types\/page"}],"author":[{"embeddable":true,"href":"https:\/\/universalpneu.be\/nl\/wp-json\/wp\/v2\/users\/1"}],"replies":[{"embeddable":true,"href":"https:\/\/universalpneu.be\/nl\/wp-json\/wp\/v2\/comments?post=2119"}],"version-history":[{"count":21,"href":"https:\/\/universalpneu.be\/nl\/wp-json\/wp\/v2\/pages\/2119\/revisions"}],"predecessor-version":[{"id":2298,"href":"https:\/\/universalpneu.be\/nl\/wp-json\/wp\/v2\/pages\/2119\/revisions\/2298"}],"up":[{"embeddable":true,"href":"https:\/\/universalpneu.be\/nl\/wp-json\/wp\/v2\/pages\/8"}],"wp:featuredmedia":[{"embeddable":true,"href":"https:\/\/universalpneu.be\/nl\/wp-json\/wp\/v2\/media\/2167"}],"wp:attachment":[{"href":"https:\/\/universalpneu.be\/nl\/wp-json\/wp\/v2\/media?parent=2119"}],"curies":[{"name":"wp","href":"https:\/\/api.w.org\/{rel}","templated":true}]}}