{"id":2060,"date":"2021-01-21T13:06:57","date_gmt":"2021-01-21T12:06:57","guid":{"rendered":"http:\/\/universalpneu.be\/work\/?page_id=2060"},"modified":"2021-01-27T17:26:56","modified_gmt":"2021-01-27T16:26:56","slug":"autres-services","status":"publish","type":"page","link":"https:\/\/universalpneu.be\/nl\/services\/autres-services\/","title":{"rendered":"Andere diensten"},"content":{"rendered":"<div class=\"vc-row-container container\"><div class=\"vc_row wpb_row vc_row-fluid\"><div class=\"wpb_column vc_column_container vc_col-sm-12\"><div class=\"vc_column-inner vc_custom_1611179514114\"><div class=\"wpb_wrapper\"><div class=\"vc_separator wpb_content_element vc_separator_align_center vc_sep_width_100 vc_sep_pos_align_center vc_separator_no_text vc_sep_color_grey\" ><span class=\"vc_sep_holder vc_sep_holder_l\"><span  class=\"vc_sep_line\"><\/span><\/span><span class=\"vc_sep_holder vc_sep_holder_r\"><span  class=\"vc_sep_line\"><\/span><\/span>\n<\/div><\/div><\/div><\/div><\/div><\/div><div class=\"vc-row-container container\"><div class=\"vc_row wpb_row vc_row-fluid\"><div class=\"wpb_column vc_column_container vc_col-sm-6\"><div class=\"vc_column-inner\"><div class=\"wpb_wrapper\">\n\t<div class=\"wpb_text_column wpb_content_element  wpb_animate_when_almost_visible wpb_fadeInLeft fadeInLeft post-formatting\" >\n\t\t<div class=\"wpb_wrapper\">\n\t\t\t<p class=\" translation-block\">Onze professionele service <strong>met de laagste prijzen<\/strong> voor uw wagen sinds 1948:<\/p>\n<ul class=\"li-services\">\n<li>Uitlaten<\/li>\n<li>Koplampen afstellen<\/li>\n<li>Schokdempers<\/li>\n<li>Batterijen<\/li>\n<li>Remmen<\/li>\n<li>Olieverversen<\/li>\n<\/ul>\n\n\t\t<\/div>\n\t<\/div>\n<\/div><\/div><\/div><div class=\"wpb_column vc_column_container vc_col-sm-6\"><div class=\"vc_column-inner\"><div class=\"wpb_wrapper\">\n\t<div class=\"wpb_text_column wpb_content_element  wpb_animate_when_almost_visible wpb_fadeInRight fadeInRight post-formatting\" >\n\t\t<div class=\"wpb_wrapper\">\n\t\t\t<p style=\"text-align: left;\">Afspraak voor de montage van zomer- \/ winterbanden in zekerheid of voor een andere service?<\/p>\n\n\t\t<\/div>\n\t<\/div>\n<div class=\"vc_row wpb_row vc_inner vc_row-fluid\"><div class=\"wpb_column vc_column_container vc_col-sm-6\"><div class=\"vc_column-inner\"><div class=\"wpb_wrapper\"><div class=\"vc_btn3-container  wpb_animate_when_almost_visible wpb_fadeInRight fadeInRight vc_btn3-center\" ><a style=\"background-color:#da0c18; color:#ffffff;\" class=\"vc_general vc_btn3 vc_btn3-size-md vc_btn3-shape-rounded vc_btn3-style-custom vc_btn3-icon-left\" href=\"http:\/\/www.clicrdv.com\/universal-pneu\" title=\"\" target=\"_blank\"><i class=\"vc_btn3-icon far fa-calendar-alt\"><\/i> Afspraak Brussel<\/a><\/div><\/div><\/div><\/div><div class=\"wpb_column vc_column_container vc_col-sm-6\"><div class=\"vc_column-inner\"><div class=\"wpb_wrapper\"><div class=\"vc_btn3-container  wpb_animate_when_almost_visible wpb_fadeInRight fadeInRight vc_btn3-center\" ><a style=\"background-color:#da0c18; color:#ffffff;\" class=\"vc_general vc_btn3 vc_btn3-size-md vc_btn3-shape-rounded vc_btn3-style-custom vc_btn3-icon-left\" href=\"http:\/\/clicrdv.com\/universal-pneu-mons\" title=\"\" target=\"_blank\"><i class=\"vc_btn3-icon far fa-calendar-alt\"><\/i> Afspraak Bergen<\/a><\/div><\/div><\/div><\/div><\/div><\/div><\/div><\/div><\/div><\/div><div class=\"vc-row-container container\"><div class=\"vc_row wpb_row vc_row-fluid\"><div class=\"wpb_column vc_column_container vc_col-sm-12\"><div class=\"vc_column-inner\"><div class=\"wpb_wrapper\">\n<div class=\"vc_grid-container-wrapper vc_clearfix\">\n\t<div class=\"vc_grid-container vc_clearfix wpb_content_element vc_masonry_media_grid\" data-initial-loading-animation=\"fadeIn\" data-vc-grid-settings=\"{&quot;page_id&quot;:2060,&quot;style&quot;:&quot;all-masonry&quot;,&quot;action&quot;:&quot;vc_get_vc_grid_data&quot;,&quot;shortcode_id&quot;:&quot;1611764799680-8442f027-efe3-2&quot;,&quot;tag&quot;:&quot;vc_masonry_media_grid&quot;}\" data-vc-request=\"https:\/\/universalpneu.be\/work\/wp-admin\/admin-ajax.php\" data-vc-post-id=\"2060\" data-vc-public-nonce=\"d420b7b296\">\n\t\t\n\t<\/div>\n<\/div><div class=\"vc_separator wpb_content_element vc_separator_align_center vc_sep_width_100 vc_sep_pos_align_center vc_separator_no_text vc_sep_color_grey\" ><span class=\"vc_sep_holder vc_sep_holder_l\"><span  class=\"vc_sep_line\"><\/span><\/span><span class=\"vc_sep_holder vc_sep_holder_r\"><span  class=\"vc_sep_line\"><\/span><\/span>\n<\/div><\/div><\/div><\/div><\/div><\/div>","protected":false},"excerpt":{"rendered":"Tous nos services professionnels aux prix les plus bas pour votre v\u00e9hicule, depuis 1948: \u00c9chappement R\u00e9glages Phares Amortisseurs Batteries Freins Vidanges rapides Rendez-vous pour pose pneus \u00e9t\u00e9\/hiver en gardiennage ou pour tout autre service ? RDV Bruxelles RDV Mons","protected":false},"author":1,"featured_media":2194,"parent":8,"menu_order":0,"comment_status":"closed","ping_status":"closed","template":"","meta":{"footnotes":""},"class_list":["post-2060","page","type-page","status-publish","has-post-thumbnail","hentry"],"acf":[],"_links":{"self":[{"href":"https:\/\/universalpneu.be\/nl\/wp-json\/wp\/v2\/pages\/2060","targetHints":{"allow":["GET"]}}],"collection":[{"href":"https:\/\/universalpneu.be\/nl\/wp-json\/wp\/v2\/pages"}],"about":[{"href":"https:\/\/universalpneu.be\/nl\/wp-json\/wp\/v2\/types\/page"}],"author":[{"embeddable":true,"href":"https:\/\/universalpneu.be\/nl\/wp-json\/wp\/v2\/users\/1"}],"replies":[{"embeddable":true,"href":"https:\/\/universalpneu.be\/nl\/wp-json\/wp\/v2\/comments?post=2060"}],"version-history":[{"count":9,"href":"https:\/\/universalpneu.be\/nl\/wp-json\/wp\/v2\/pages\/2060\/revisions"}],"predecessor-version":[{"id":2249,"href":"https:\/\/universalpneu.be\/nl\/wp-json\/wp\/v2\/pages\/2060\/revisions\/2249"}],"up":[{"embeddable":true,"href":"https:\/\/universalpneu.be\/nl\/wp-json\/wp\/v2\/pages\/8"}],"wp:featuredmedia":[{"embeddable":true,"href":"https:\/\/universalpneu.be\/nl\/wp-json\/wp\/v2\/media\/2194"}],"wp:attachment":[{"href":"https:\/\/universalpneu.be\/nl\/wp-json\/wp\/v2\/media?parent=2060"}],"curies":[{"name":"wp","href":"https:\/\/api.w.org\/{rel}","templated":true}]}}