{"id":2057,"date":"2021-01-21T13:01:27","date_gmt":"2021-01-21T12:01:27","guid":{"rendered":"http:\/\/universalpneu.be\/work\/?page_id=2057"},"modified":"2021-01-27T17:26:07","modified_gmt":"2021-01-27T16:26:07","slug":"geometrie","status":"publish","type":"page","link":"https:\/\/universalpneu.be\/nl\/services\/geometrie\/","title":{"rendered":"Uitlijning"},"content":{"rendered":"<div class=\"vc-row-container container\"><div class=\"vc_row wpb_row vc_row-fluid\"><div class=\"wpb_column vc_column_container vc_col-sm-12\"><div class=\"vc_column-inner vc_custom_1611179514114\"><div class=\"wpb_wrapper\"><div class=\"vc_separator wpb_content_element vc_separator_align_center vc_sep_width_100 vc_sep_pos_align_center vc_separator_no_text vc_sep_color_grey\" ><span class=\"vc_sep_holder vc_sep_holder_l\"><span  class=\"vc_sep_line\"><\/span><\/span><span class=\"vc_sep_holder vc_sep_holder_r\"><span  class=\"vc_sep_line\"><\/span><\/span>\n<\/div><\/div><\/div><\/div><\/div><\/div><div class=\"vc-row-container container\"><div class=\"vc_row wpb_row vc_row-fluid\"><div class=\"wpb_column vc_column_container vc_col-sm-6\"><div class=\"vc_column-inner\"><div class=\"wpb_wrapper\">\n\t<div class=\"wpb_text_column wpb_content_element  wpb_animate_when_almost_visible wpb_fadeInLeft fadeInLeft post-formatting\" >\n\t\t<div class=\"wpb_wrapper\">\n\t\t\t<p class=\" translation-block\">De uitlijning is belangrijk voor uw voertuig. Het heeft een grote invloed op de <strong>stabiliteit en handling<\/strong>.<\/p>\n<p class=\" translation-block\">Optimale utilijning aanpassing zorgt ervoor dat <strong>uw veiligheid<\/strong> en voorkomt onnodige slijtage van uw banden.<\/p>\n\n\t\t<\/div>\n\t<\/div>\n<div class=\"vc_row wpb_row vc_inner vc_row-fluid\"><div class=\"wpb_column vc_column_container vc_col-sm-6\"><div class=\"vc_column-inner\"><div class=\"wpb_wrapper\"><div class=\"vc_btn3-container  wpb_animate_when_almost_visible wpb_fadeInLeft fadeInLeft vc_btn3-center\" ><a style=\"background-color:#da0c18; color:#ffffff;\" class=\"vc_general vc_btn3 vc_btn3-size-md vc_btn3-shape-rounded vc_btn3-style-custom vc_btn3-icon-left\" href=\"http:\/\/www.clicrdv.com\/universal-pneu\" title=\"\" target=\"_blank\"><i class=\"vc_btn3-icon far fa-calendar-alt\"><\/i> Afspraak Brussel<\/a><\/div><\/div><\/div><\/div><div class=\"wpb_column vc_column_container vc_col-sm-6\"><div class=\"vc_column-inner\"><div class=\"wpb_wrapper\"><div class=\"vc_btn3-container  wpb_animate_when_almost_visible wpb_fadeInLeft fadeInLeft vc_btn3-center\" ><a style=\"background-color:#da0c18; color:#ffffff;\" class=\"vc_general vc_btn3 vc_btn3-size-md vc_btn3-shape-rounded vc_btn3-style-custom vc_btn3-icon-left\" href=\"http:\/\/clicrdv.com\/universal-pneu-mons\" title=\"\" target=\"_blank\"><i class=\"vc_btn3-icon far fa-calendar-alt\"><\/i> Afspraak Bergen<\/a><\/div><\/div><\/div><\/div><\/div><\/div><\/div><\/div><div class=\"wpb_column vc_column_container vc_col-sm-6\"><div class=\"vc_column-inner\"><div class=\"wpb_wrapper\">\n\t<div  class=\"wpb_single_image wpb_content_element vc_align_left  wpb_animate_when_almost_visible wpb_fadeInRight fadeInRight\">\n\t\t\n\t\t<figure class=\"wpb_wrapper vc_figure\">\n\t\t\t<div class=\"vc_single_image-wrapper   vc_box_border_grey\"><img loading=\"lazy\" decoding=\"async\" width=\"525\" height=\"356\" src=\"https:\/\/universalpneu.be\/work\/wp-content\/uploads\/2021\/01\/geometrie.jpg\" class=\"vc_single_image-img attachment-full\" alt=\"\" srcset=\"https:\/\/universalpneu.be\/work\/wp-content\/uploads\/2021\/01\/geometrie.jpg 525w, https:\/\/universalpneu.be\/work\/wp-content\/uploads\/2021\/01\/geometrie-300x203.jpg 300w, https:\/\/universalpneu.be\/work\/wp-content\/uploads\/2021\/01\/geometrie-16x12.jpg 16w\" sizes=\"auto, (max-width: 525px) 100vw, 525px\" \/><\/div>\n\t\t<\/figure>\n\t<\/div>\n<\/div><\/div><\/div><\/div><\/div><div class=\"vc-row-container container\"><div class=\"vc_row wpb_row vc_row-fluid\"><div class=\"wpb_column vc_column_container vc_col-sm-12\"><div class=\"vc_column-inner\"><div class=\"wpb_wrapper\"><div class=\"vc_separator wpb_content_element vc_separator_align_center vc_sep_width_100 vc_sep_pos_align_center vc_separator_no_text vc_sep_color_grey\" ><span class=\"vc_sep_holder vc_sep_holder_l\"><span  class=\"vc_sep_line\"><\/span><\/span><span class=\"vc_sep_holder vc_sep_holder_r\"><span  class=\"vc_sep_line\"><\/span><\/span>\n<\/div><\/div><\/div><\/div><\/div><\/div>","protected":false},"excerpt":{"rendered":"La g\u00e9om\u00e9trie est importante pour votre v\u00e9hicule, en effet, elle a une influence non n\u00e9gligeable sur la stabilit\u00e9 et la tenue de route. Un r\u00e9glage optimal de la g\u00e9om\u00e9trie de votre v\u00e9hicule garantit votre s\u00e9curit\u00e9 et vous \u00e9vite une usure anormale de vos pneumatiques et une plus grande long\u00e9vit\u00e9 de ceux-ci. RDV Bruxelles RDV Mons","protected":false},"author":1,"featured_media":2183,"parent":8,"menu_order":0,"comment_status":"closed","ping_status":"closed","template":"","meta":{"footnotes":""},"class_list":["post-2057","page","type-page","status-publish","has-post-thumbnail","hentry"],"acf":[],"_links":{"self":[{"href":"https:\/\/universalpneu.be\/nl\/wp-json\/wp\/v2\/pages\/2057","targetHints":{"allow":["GET"]}}],"collection":[{"href":"https:\/\/universalpneu.be\/nl\/wp-json\/wp\/v2\/pages"}],"about":[{"href":"https:\/\/universalpneu.be\/nl\/wp-json\/wp\/v2\/types\/page"}],"author":[{"embeddable":true,"href":"https:\/\/universalpneu.be\/nl\/wp-json\/wp\/v2\/users\/1"}],"replies":[{"embeddable":true,"href":"https:\/\/universalpneu.be\/nl\/wp-json\/wp\/v2\/comments?post=2057"}],"version-history":[{"count":7,"href":"https:\/\/universalpneu.be\/nl\/wp-json\/wp\/v2\/pages\/2057\/revisions"}],"predecessor-version":[{"id":2248,"href":"https:\/\/universalpneu.be\/nl\/wp-json\/wp\/v2\/pages\/2057\/revisions\/2248"}],"up":[{"embeddable":true,"href":"https:\/\/universalpneu.be\/nl\/wp-json\/wp\/v2\/pages\/8"}],"wp:featuredmedia":[{"embeddable":true,"href":"https:\/\/universalpneu.be\/nl\/wp-json\/wp\/v2\/media\/2183"}],"wp:attachment":[{"href":"https:\/\/universalpneu.be\/nl\/wp-json\/wp\/v2\/media?parent=2057"}],"curies":[{"name":"wp","href":"https:\/\/api.w.org\/{rel}","templated":true}]}}