{"id":1988,"date":"2021-01-19T15:23:44","date_gmt":"2021-01-19T14:23:44","guid":{"rendered":"http:\/\/universalpneu.be\/work\/?page_id=1988"},"modified":"2021-01-27T17:09:20","modified_gmt":"2021-01-27T16:09:20","slug":"airco","status":"publish","type":"page","link":"https:\/\/universalpneu.be\/nl\/services\/airco\/","title":{"rendered":"Airco"},"content":{"rendered":"<div class=\"vc-row-container container\"><div class=\"vc_row wpb_row vc_row-fluid\"><div class=\"wpb_column vc_column_container vc_col-sm-12\"><div class=\"vc_column-inner vc_custom_1611179514114\"><div class=\"wpb_wrapper\"><div class=\"vc_separator wpb_content_element vc_separator_align_center vc_sep_width_100 vc_sep_pos_align_center vc_separator_no_text vc_sep_color_grey\" ><span class=\"vc_sep_holder vc_sep_holder_l\"><span  class=\"vc_sep_line\"><\/span><\/span><span class=\"vc_sep_holder vc_sep_holder_r\"><span  class=\"vc_sep_line\"><\/span><\/span>\n<\/div><\/div><\/div><\/div><\/div><\/div><div class=\"vc-row-container container\"><div class=\"vc_row wpb_row vc_row-fluid\"><div class=\"wpb_column vc_column_container vc_col-sm-6\"><div class=\"vc_column-inner\"><div class=\"wpb_wrapper\">\n\t<div class=\"wpb_text_column wpb_content_element  wpb_animate_when_almost_visible wpb_fadeInLeft fadeInLeft post-formatting\" >\n\t\t<div class=\"wpb_wrapper\">\n\t\t\t<h2>Herladen Airco<\/h2>\n<p class=\" translation-block\">Het <strong>jaarlijks herladen<\/strong> van het luchtkoelsysteem van uw wagen is een waarborg voor een <strong>optimale werking<\/strong>.<\/p>\n<p>Neem contact op met ons voor het jaarlijks herladen van het koelgas en het bijvullen van het oliecircuit.<\/p>\n<p class=\" translation-block\">De goede werking van een luchtkoelsysteem hangt af van drie belangrijke factoren, <strong>de kwaliteit van het koelgas, de hoeveelheid alsook het olieniveau in het circuit.<\/strong> Een luchtkoelsysteem werkt optimaal bij een jaarlijks onderhoud.<\/p>\n<p>Het jaarlijks herladen van uw airco bij Universal Pneu omvat :<\/p>\n<ul>\n<li>Bijvullen van het oliecircuit<\/li>\n<li>Het vervangen van het koelgas<\/li>\n<li>Nazicht van de 4 volgende punten\n<ul>\n<li>Nazicht uitwendige staat van alle elementen van de airco<\/li>\n<li>Controle van de temperatuur en de drukmeting van het circuit<\/li>\n<li>Meting van de temperatuur van de geblazen lucht in uw voertuig<\/li>\n<li>Controle van het koelgasniveau.<\/li>\n<\/ul>\n<\/li>\n<\/ul>\n<p>&nbsp;<\/p>\n<h2>Onderhoud Airco<\/h2>\n<p class=\" translation-block\"><strong>Samen met het herladen<\/strong> zal het onderhoud van uw airco u een <strong>ideale temperatuur<\/strong> waarborgen in uw voertuig, jaar na jaar.<\/p>\n<p>Het jaarlijks onderhoud van uw airco bij Universal Pneu omvat :<\/p>\n<ul>\n<li>Desinfectering en ontgeuring van van het luchtkoelcircuit<\/li>\n<li>Bijvullen van het oliecircuit<\/li>\n<li>Het vervangen van het koelgas<\/li>\n<li>Nazicht van de 5 volgende punten:\n<ul>\n<li>Nazicht van de filter van de passagiersruimte<\/li>\n<li>Nazicht uitwendige staat van alle elementen van de airco<\/li>\n<li>Controle van de temperatuur en de drukmeting van het circuit<\/li>\n<li>Meting van de temperatuur van de geblazen lucht in uw voertuig<\/li>\n<li>Controle van het koelgasniveau.<\/li>\n<\/ul>\n<\/li>\n<\/ul>\n\n\t\t<\/div>\n\t<\/div>\n<\/div><\/div><\/div><div class=\"wpb_column vc_column_container vc_col-sm-6\"><div class=\"vc_column-inner\"><div class=\"wpb_wrapper\">\n\t<div  class=\"wpb_single_image wpb_content_element vc_align_left  wpb_animate_when_almost_visible wpb_fadeInRight fadeInRight\">\n\t\t\n\t\t<figure class=\"wpb_wrapper vc_figure\">\n\t\t\t<div class=\"vc_single_image-wrapper   vc_box_border_grey\"><img loading=\"lazy\" decoding=\"async\" width=\"2048\" height=\"1365\" src=\"https:\/\/universalpneu.be\/work\/wp-content\/uploads\/2021\/01\/airco_1.jpg\" class=\"vc_single_image-img attachment-full\" alt=\"\" srcset=\"https:\/\/universalpneu.be\/work\/wp-content\/uploads\/2021\/01\/airco_1.jpg 2048w, https:\/\/universalpneu.be\/work\/wp-content\/uploads\/2021\/01\/airco_1-300x200.jpg 300w, https:\/\/universalpneu.be\/work\/wp-content\/uploads\/2021\/01\/airco_1-1024x683.jpg 1024w, https:\/\/universalpneu.be\/work\/wp-content\/uploads\/2021\/01\/airco_1-768x512.jpg 768w, https:\/\/universalpneu.be\/work\/wp-content\/uploads\/2021\/01\/airco_1-1536x1024.jpg 1536w, https:\/\/universalpneu.be\/work\/wp-content\/uploads\/2021\/01\/airco_1-16x12.jpg 16w, https:\/\/universalpneu.be\/work\/wp-content\/uploads\/2021\/01\/airco_1-1612x1074.jpg 1612w, https:\/\/universalpneu.be\/work\/wp-content\/uploads\/2021\/01\/airco_1-1116x744.jpg 1116w, https:\/\/universalpneu.be\/work\/wp-content\/uploads\/2021\/01\/airco_1-806x537.jpg 806w, https:\/\/universalpneu.be\/work\/wp-content\/uploads\/2021\/01\/airco_1-558x372.jpg 558w, https:\/\/universalpneu.be\/work\/wp-content\/uploads\/2021\/01\/airco_1-655x437.jpg 655w, https:\/\/universalpneu.be\/work\/wp-content\/uploads\/2021\/01\/airco_1-820x547.jpg 820w, https:\/\/universalpneu.be\/work\/wp-content\/uploads\/2021\/01\/airco_1-600x400.jpg 600w\" sizes=\"auto, (max-width: 2048px) 100vw, 2048px\" \/><\/div>\n\t\t<\/figure>\n\t<\/div>\n<\/div><\/div><\/div><\/div><\/div><div class=\"vc-row-container container\"><div class=\"vc_row wpb_row vc_row-fluid\"><div class=\"wpb_column vc_column_container vc_col-sm-12\"><div class=\"vc_column-inner\"><div class=\"wpb_wrapper\"><div class=\"vc_separator wpb_content_element vc_separator_align_center vc_sep_width_100 vc_sep_pos_align_center vc_separator_no_text vc_sep_color_grey\" ><span class=\"vc_sep_holder vc_sep_holder_l\"><span  class=\"vc_sep_line\"><\/span><\/span><span class=\"vc_sep_holder vc_sep_holder_r\"><span  class=\"vc_sep_line\"><\/span><\/span>\n<\/div><\/div><\/div><\/div><\/div><\/div>","protected":false},"excerpt":{"rendered":"Syst\u00e8me d'air conditionn\u00e9 Un renouvellement annuel du syst\u00e8me d\u2019air conditionn\u00e9 de votre v\u00e9hicule garantit son efficacit\u00e9 optimale. Prenez contact avec nous pour renouveler tous les ans le gaz r\u00e9frig\u00e9rant et remettre \u00e0 niveau l\u2019huile dans le circuit. Le bon fonctionnement d\u2019un syst\u00e8me de climatisation d\u00e9pend de trois facteurs principaux: la qualit\u00e9 du gaz r\u00e9frig\u00e9rant, sa&hellip;","protected":false},"author":1,"featured_media":2115,"parent":8,"menu_order":0,"comment_status":"closed","ping_status":"closed","template":"","meta":{"footnotes":""},"class_list":["post-1988","page","type-page","status-publish","has-post-thumbnail","hentry"],"acf":[],"_links":{"self":[{"href":"https:\/\/universalpneu.be\/nl\/wp-json\/wp\/v2\/pages\/1988","targetHints":{"allow":["GET"]}}],"collection":[{"href":"https:\/\/universalpneu.be\/nl\/wp-json\/wp\/v2\/pages"}],"about":[{"href":"https:\/\/universalpneu.be\/nl\/wp-json\/wp\/v2\/types\/page"}],"author":[{"embeddable":true,"href":"https:\/\/universalpneu.be\/nl\/wp-json\/wp\/v2\/users\/1"}],"replies":[{"embeddable":true,"href":"https:\/\/universalpneu.be\/nl\/wp-json\/wp\/v2\/comments?post=1988"}],"version-history":[{"count":11,"href":"https:\/\/universalpneu.be\/nl\/wp-json\/wp\/v2\/pages\/1988\/revisions"}],"predecessor-version":[{"id":2245,"href":"https:\/\/universalpneu.be\/nl\/wp-json\/wp\/v2\/pages\/1988\/revisions\/2245"}],"up":[{"embeddable":true,"href":"https:\/\/universalpneu.be\/nl\/wp-json\/wp\/v2\/pages\/8"}],"wp:featuredmedia":[{"embeddable":true,"href":"https:\/\/universalpneu.be\/nl\/wp-json\/wp\/v2\/media\/2115"}],"wp:attachment":[{"href":"https:\/\/universalpneu.be\/nl\/wp-json\/wp\/v2\/media?parent=1988"}],"curies":[{"name":"wp","href":"https:\/\/api.w.org\/{rel}","templated":true}]}}