{"id":1986,"date":"2021-01-19T15:23:29","date_gmt":"2021-01-19T14:23:29","guid":{"rendered":"http:\/\/universalpneu.be\/work\/?page_id=1986"},"modified":"2021-01-27T17:08:32","modified_gmt":"2021-01-27T16:08:32","slug":"jantes","status":"publish","type":"page","link":"https:\/\/universalpneu.be\/nl\/services\/jantes\/","title":{"rendered":"Velgen"},"content":{"rendered":"<div class=\"vc-row-container container\"><div class=\"vc_row wpb_row vc_row-fluid\"><div class=\"wpb_column vc_column_container vc_col-sm-12\"><div class=\"vc_column-inner vc_custom_1611179514114\"><div class=\"wpb_wrapper\"><div class=\"vc_separator wpb_content_element vc_separator_align_center vc_sep_width_100 vc_sep_pos_align_center vc_separator_no_text vc_sep_color_grey\" ><span class=\"vc_sep_holder vc_sep_holder_l\"><span  class=\"vc_sep_line\"><\/span><\/span><span class=\"vc_sep_holder vc_sep_holder_r\"><span  class=\"vc_sep_line\"><\/span><\/span>\n<\/div><\/div><\/div><\/div><\/div><\/div><div class=\"vc-row-container container\"><div class=\"vc_row wpb_row vc_row-fluid vc_column-gap-35\"><div class=\"wpb_column vc_column_container vc_col-sm-6\"><div class=\"vc_column-inner\"><div class=\"wpb_wrapper\">\n\t<div  class=\"wpb_single_image wpb_content_element vc_align_center  wpb_animate_when_almost_visible wpb_fadeInLeft fadeInLeft\">\n\t\t\n\t\t<figure class=\"wpb_wrapper vc_figure\">\n\t\t\t<div class=\"vc_single_image-wrapper   vc_box_border_grey\"><img loading=\"lazy\" decoding=\"async\" width=\"2048\" height=\"1470\" src=\"https:\/\/universalpneu.be\/work\/wp-content\/uploads\/2021\/01\/jantes_1.jpg\" class=\"vc_single_image-img attachment-full\" alt=\"\" srcset=\"https:\/\/universalpneu.be\/work\/wp-content\/uploads\/2021\/01\/jantes_1.jpg 2048w, https:\/\/universalpneu.be\/work\/wp-content\/uploads\/2021\/01\/jantes_1-300x215.jpg 300w, https:\/\/universalpneu.be\/work\/wp-content\/uploads\/2021\/01\/jantes_1-1024x735.jpg 1024w, https:\/\/universalpneu.be\/work\/wp-content\/uploads\/2021\/01\/jantes_1-768x551.jpg 768w, https:\/\/universalpneu.be\/work\/wp-content\/uploads\/2021\/01\/jantes_1-1536x1103.jpg 1536w, https:\/\/universalpneu.be\/work\/wp-content\/uploads\/2021\/01\/jantes_1-16x12.jpg 16w, https:\/\/universalpneu.be\/work\/wp-content\/uploads\/2021\/01\/jantes_1-1612x1157.jpg 1612w, https:\/\/universalpneu.be\/work\/wp-content\/uploads\/2021\/01\/jantes_1-1116x801.jpg 1116w, https:\/\/universalpneu.be\/work\/wp-content\/uploads\/2021\/01\/jantes_1-806x579.jpg 806w, https:\/\/universalpneu.be\/work\/wp-content\/uploads\/2021\/01\/jantes_1-558x401.jpg 558w, https:\/\/universalpneu.be\/work\/wp-content\/uploads\/2021\/01\/jantes_1-655x470.jpg 655w, https:\/\/universalpneu.be\/work\/wp-content\/uploads\/2021\/01\/jantes_1-820x589.jpg 820w, https:\/\/universalpneu.be\/work\/wp-content\/uploads\/2021\/01\/jantes_1-600x431.jpg 600w\" sizes=\"auto, (max-width: 2048px) 100vw, 2048px\" \/><\/div>\n\t\t<\/figure>\n\t<\/div>\n<\/div><\/div><\/div><div class=\"wpb_column vc_column_container vc_col-sm-6\"><div class=\"vc_column-inner\"><div class=\"wpb_wrapper\"><div class=\"vc_row wpb_row vc_inner vc_row-fluid\"><div class=\"wpb_column vc_column_container vc_col-sm-12\"><div class=\"vc_column-inner\"><div class=\"wpb_wrapper\">\n\t<div class=\"wpb_text_column wpb_content_element  wpb_animate_when_almost_visible wpb_fadeInRight fadeInRight post-formatting\" >\n\t\t<div class=\"wpb_wrapper\">\n\t\t\t<p style=\"text-align: left;\" class=\" translation-block\">Universal Pneu is een bevoorrechte partner van <strong>enkele velgen merken<\/strong>.<\/p>\n\n\t\t<\/div>\n\t<\/div>\n<div class=\"vc_btn3-container  wpb_animate_when_almost_visible wpb_fadeInRight fadeInRight vc_btn3-left\" ><a style=\"background-color:#da0c18; color:#ffffff;\" class=\"vc_general vc_btn3 vc_btn3-size-md vc_btn3-shape-rounded vc_btn3-style-custom vc_btn3-icon-left\" href=\"https:\/\/portal.alcar-wheels.com\/wheelsportal\/47658\/start\" title=\"\" target=\"_blank\"><i class=\"vc_btn3-icon fas fa-wrench\"><\/i> Naar de velgenconfigurator<\/a><\/div><\/div><\/div><\/div><\/div><\/div><\/div><\/div><\/div><\/div><div class=\"vc-row-container container\"><div class=\"vc_row wpb_row vc_row-fluid\"><div class=\"wpb_column vc_column_container vc_col-sm-12\"><div class=\"vc_column-inner\"><div class=\"wpb_wrapper\"><div class=\"vc_separator wpb_content_element vc_separator_align_center vc_sep_width_100 vc_sep_pos_align_center vc_separator_no_text vc_sep_color_grey\" ><span class=\"vc_sep_holder vc_sep_holder_l\"><span  class=\"vc_sep_line\"><\/span><\/span><span class=\"vc_sep_holder vc_sep_holder_r\"><span  class=\"vc_sep_line\"><\/span><\/span>\n<\/div><\/div><\/div><\/div><\/div><\/div>","protected":false},"excerpt":{"rendered":"Universal Pneu est un partenaire privil\u00e9gi\u00e9 de nombreuses marques de jantes. Acc\u00e8s au configurateur de jantes","protected":false},"author":1,"featured_media":2104,"parent":8,"menu_order":0,"comment_status":"closed","ping_status":"closed","template":"","meta":{"footnotes":""},"class_list":["post-1986","page","type-page","status-publish","has-post-thumbnail","hentry"],"acf":[],"_links":{"self":[{"href":"https:\/\/universalpneu.be\/nl\/wp-json\/wp\/v2\/pages\/1986","targetHints":{"allow":["GET"]}}],"collection":[{"href":"https:\/\/universalpneu.be\/nl\/wp-json\/wp\/v2\/pages"}],"about":[{"href":"https:\/\/universalpneu.be\/nl\/wp-json\/wp\/v2\/types\/page"}],"author":[{"embeddable":true,"href":"https:\/\/universalpneu.be\/nl\/wp-json\/wp\/v2\/users\/1"}],"replies":[{"embeddable":true,"href":"https:\/\/universalpneu.be\/nl\/wp-json\/wp\/v2\/comments?post=1986"}],"version-history":[{"count":13,"href":"https:\/\/universalpneu.be\/nl\/wp-json\/wp\/v2\/pages\/1986\/revisions"}],"predecessor-version":[{"id":2243,"href":"https:\/\/universalpneu.be\/nl\/wp-json\/wp\/v2\/pages\/1986\/revisions\/2243"}],"up":[{"embeddable":true,"href":"https:\/\/universalpneu.be\/nl\/wp-json\/wp\/v2\/pages\/8"}],"wp:featuredmedia":[{"embeddable":true,"href":"https:\/\/universalpneu.be\/nl\/wp-json\/wp\/v2\/media\/2104"}],"wp:attachment":[{"href":"https:\/\/universalpneu.be\/nl\/wp-json\/wp\/v2\/media?parent=1986"}],"curies":[{"name":"wp","href":"https:\/\/api.w.org\/{rel}","templated":true}]}}