{"id":1984,"date":"2021-01-19T15:23:11","date_gmt":"2021-01-19T14:23:11","guid":{"rendered":"http:\/\/universalpneu.be\/work\/?page_id=1984"},"modified":"2021-01-28T11:31:19","modified_gmt":"2021-01-28T10:31:19","slug":"pneus","status":"publish","type":"page","link":"https:\/\/universalpneu.be\/nl\/services\/pneus\/","title":{"rendered":"Banden"},"content":{"rendered":"<div class=\"vc-row-container container\"><div class=\"vc_row wpb_row vc_row-fluid\"><div class=\"wpb_column vc_column_container vc_col-sm-12\"><div class=\"vc_column-inner vc_custom_1611179514114\"><div class=\"wpb_wrapper\"><div id=\"client-logos-545032\" class=\"lab-clients-logos logos-holder  showcase no-image-borders\">\n\n\t\t    <div class=\"client-logos-col\">\n\n        <div class=\"c-logo wow fadeInLab\" data-wow-duration=\"1s\">\n\t\t\t\t\t\t\t<img loading=\"lazy\" decoding=\"async\" width=\"150\" height=\"150\" src=\"https:\/\/universalpneu.be\/work\/wp-content\/uploads\/2021\/01\/Michelin-Logo-2-150x150.png\" class=\"img-responsive attachment-thumbnail\" alt=\"\" srcset=\"https:\/\/universalpneu.be\/work\/wp-content\/uploads\/2021\/01\/Michelin-Logo-2-150x150.png 150w, https:\/\/universalpneu.be\/work\/wp-content\/uploads\/2021\/01\/Michelin-Logo-2-300x300.png 300w, https:\/\/universalpneu.be\/work\/wp-content\/uploads\/2021\/01\/Michelin-Logo-2-1024x1024.png 1024w, https:\/\/universalpneu.be\/work\/wp-content\/uploads\/2021\/01\/Michelin-Logo-2-768x768.png 768w, https:\/\/universalpneu.be\/work\/wp-content\/uploads\/2021\/01\/Michelin-Logo-2-1536x1536.png 1536w, https:\/\/universalpneu.be\/work\/wp-content\/uploads\/2021\/01\/Michelin-Logo-2-2048x2048.png 2048w, https:\/\/universalpneu.be\/work\/wp-content\/uploads\/2021\/01\/Michelin-Logo-2-12x12.png 12w, https:\/\/universalpneu.be\/work\/wp-content\/uploads\/2021\/01\/Michelin-Logo-2-468x468.png 468w, https:\/\/universalpneu.be\/work\/wp-content\/uploads\/2021\/01\/Michelin-Logo-2-1612x1612.png 1612w, https:\/\/universalpneu.be\/work\/wp-content\/uploads\/2021\/01\/Michelin-Logo-2-1116x1116.png 1116w, https:\/\/universalpneu.be\/work\/wp-content\/uploads\/2021\/01\/Michelin-Logo-2-806x806.png 806w, https:\/\/universalpneu.be\/work\/wp-content\/uploads\/2021\/01\/Michelin-Logo-2-558x558.png 558w, https:\/\/universalpneu.be\/work\/wp-content\/uploads\/2021\/01\/Michelin-Logo-2-655x655.png 655w, https:\/\/universalpneu.be\/work\/wp-content\/uploads\/2021\/01\/Michelin-Logo-2-820x820.png 820w, https:\/\/universalpneu.be\/work\/wp-content\/uploads\/2021\/01\/Michelin-Logo-2-220x220.png 220w\" sizes=\"auto, (max-width: 150px) 100vw, 150px\" \/>\t\t\t\n\t\t\t        <\/div>\n\n    <\/div>\n    <div class=\"client-logos-col\">\n\n        <div class=\"c-logo wow fadeInLab\" data-wow-duration=\"1s\">\n\t\t\t\t\t\t\t<img loading=\"lazy\" decoding=\"async\" width=\"150\" height=\"150\" src=\"https:\/\/universalpneu.be\/work\/wp-content\/uploads\/2021\/01\/goodyear-logo-01-1-150x150.jpg\" class=\"img-responsive attachment-thumbnail\" alt=\"\" srcset=\"https:\/\/universalpneu.be\/work\/wp-content\/uploads\/2021\/01\/goodyear-logo-01-1-150x150.jpg 150w, https:\/\/universalpneu.be\/work\/wp-content\/uploads\/2021\/01\/goodyear-logo-01-1-300x300.jpg 300w, https:\/\/universalpneu.be\/work\/wp-content\/uploads\/2021\/01\/goodyear-logo-01-1-1024x1024.jpg 1024w, https:\/\/universalpneu.be\/work\/wp-content\/uploads\/2021\/01\/goodyear-logo-01-1-768x768.jpg 768w, https:\/\/universalpneu.be\/work\/wp-content\/uploads\/2021\/01\/goodyear-logo-01-1-12x12.jpg 12w, https:\/\/universalpneu.be\/work\/wp-content\/uploads\/2021\/01\/goodyear-logo-01-1-468x468.jpg 468w, https:\/\/universalpneu.be\/work\/wp-content\/uploads\/2021\/01\/goodyear-logo-01-1-1116x1116.jpg 1116w, https:\/\/universalpneu.be\/work\/wp-content\/uploads\/2021\/01\/goodyear-logo-01-1-806x806.jpg 806w, https:\/\/universalpneu.be\/work\/wp-content\/uploads\/2021\/01\/goodyear-logo-01-1-558x558.jpg 558w, https:\/\/universalpneu.be\/work\/wp-content\/uploads\/2021\/01\/goodyear-logo-01-1-655x655.jpg 655w, https:\/\/universalpneu.be\/work\/wp-content\/uploads\/2021\/01\/goodyear-logo-01-1-820x820.jpg 820w, https:\/\/universalpneu.be\/work\/wp-content\/uploads\/2021\/01\/goodyear-logo-01-1-220x220.jpg 220w, https:\/\/universalpneu.be\/work\/wp-content\/uploads\/2021\/01\/goodyear-logo-01-1.jpg 1400w\" sizes=\"auto, (max-width: 150px) 100vw, 150px\" \/>\t\t\t\n\t\t\t        <\/div>\n\n    <\/div>\n    <div class=\"client-logos-col\">\n\n        <div class=\"c-logo wow fadeInLab\" data-wow-duration=\"1s\">\n\t\t\t\t\t\t\t<img loading=\"lazy\" decoding=\"async\" width=\"150\" height=\"150\" src=\"https:\/\/universalpneu.be\/work\/wp-content\/uploads\/2021\/01\/pirelli-1-150x150.jpg\" class=\"img-responsive attachment-thumbnail\" alt=\"\" srcset=\"https:\/\/universalpneu.be\/work\/wp-content\/uploads\/2021\/01\/pirelli-1-150x150.jpg 150w, https:\/\/universalpneu.be\/work\/wp-content\/uploads\/2021\/01\/pirelli-1-300x300.jpg 300w, https:\/\/universalpneu.be\/work\/wp-content\/uploads\/2021\/01\/pirelli-1-1024x1024.jpg 1024w, https:\/\/universalpneu.be\/work\/wp-content\/uploads\/2021\/01\/pirelli-1-768x768.jpg 768w, https:\/\/universalpneu.be\/work\/wp-content\/uploads\/2021\/01\/pirelli-1-1536x1536.jpg 1536w, https:\/\/universalpneu.be\/work\/wp-content\/uploads\/2021\/01\/pirelli-1-12x12.jpg 12w, https:\/\/universalpneu.be\/work\/wp-content\/uploads\/2021\/01\/pirelli-1-468x468.jpg 468w, https:\/\/universalpneu.be\/work\/wp-content\/uploads\/2021\/01\/pirelli-1-1612x1612.jpg 1612w, https:\/\/universalpneu.be\/work\/wp-content\/uploads\/2021\/01\/pirelli-1-1116x1116.jpg 1116w, https:\/\/universalpneu.be\/work\/wp-content\/uploads\/2021\/01\/pirelli-1-806x806.jpg 806w, https:\/\/universalpneu.be\/work\/wp-content\/uploads\/2021\/01\/pirelli-1-558x558.jpg 558w, https:\/\/universalpneu.be\/work\/wp-content\/uploads\/2021\/01\/pirelli-1-655x655.jpg 655w, https:\/\/universalpneu.be\/work\/wp-content\/uploads\/2021\/01\/pirelli-1-820x820.jpg 820w, https:\/\/universalpneu.be\/work\/wp-content\/uploads\/2021\/01\/pirelli-1-220x220.jpg 220w, https:\/\/universalpneu.be\/work\/wp-content\/uploads\/2021\/01\/pirelli-1.jpg 1680w\" sizes=\"auto, (max-width: 150px) 100vw, 150px\" \/>\t\t\t\n\t\t\t        <\/div>\n\n    <\/div>\n    <div class=\"client-logos-col\">\n\n        <div class=\"c-logo wow fadeInLab\" data-wow-duration=\"1s\">\n\t\t\t\t\t\t\t<img loading=\"lazy\" decoding=\"async\" width=\"150\" height=\"150\" src=\"https:\/\/universalpneu.be\/work\/wp-content\/uploads\/2021\/01\/hankook-150x150.png\" class=\"img-responsive attachment-thumbnail\" alt=\"\" srcset=\"https:\/\/universalpneu.be\/work\/wp-content\/uploads\/2021\/01\/hankook-150x150.png 150w, https:\/\/universalpneu.be\/work\/wp-content\/uploads\/2021\/01\/hankook-300x300.png 300w, https:\/\/universalpneu.be\/work\/wp-content\/uploads\/2021\/01\/hankook-768x768.png 768w, https:\/\/universalpneu.be\/work\/wp-content\/uploads\/2021\/01\/hankook-12x12.png 12w, https:\/\/universalpneu.be\/work\/wp-content\/uploads\/2021\/01\/hankook-468x468.png 468w, https:\/\/universalpneu.be\/work\/wp-content\/uploads\/2021\/01\/hankook-806x806.png 806w, https:\/\/universalpneu.be\/work\/wp-content\/uploads\/2021\/01\/hankook-558x558.png 558w, https:\/\/universalpneu.be\/work\/wp-content\/uploads\/2021\/01\/hankook-655x655.png 655w, https:\/\/universalpneu.be\/work\/wp-content\/uploads\/2021\/01\/hankook-820x820.png 820w, https:\/\/universalpneu.be\/work\/wp-content\/uploads\/2021\/01\/hankook-220x220.png 220w, https:\/\/universalpneu.be\/work\/wp-content\/uploads\/2021\/01\/hankook.png 900w\" sizes=\"auto, (max-width: 150px) 100vw, 150px\" \/>\t\t\t\n\t\t\t        <\/div>\n\n    <\/div>\n    <div class=\"client-logos-col\">\n\n        <div class=\"c-logo wow fadeInLab\" data-wow-duration=\"1s\">\n\t\t\t\t\t\t\t<img loading=\"lazy\" decoding=\"async\" width=\"150\" height=\"150\" src=\"https:\/\/universalpneu.be\/work\/wp-content\/uploads\/2021\/01\/uniroyal-logo-1-150x150.png\" class=\"img-responsive attachment-thumbnail\" alt=\"\" srcset=\"https:\/\/universalpneu.be\/work\/wp-content\/uploads\/2021\/01\/uniroyal-logo-1-150x150.png 150w, https:\/\/universalpneu.be\/work\/wp-content\/uploads\/2021\/01\/uniroyal-logo-1-300x300.png 300w, https:\/\/universalpneu.be\/work\/wp-content\/uploads\/2021\/01\/uniroyal-logo-1-768x768.png 768w, https:\/\/universalpneu.be\/work\/wp-content\/uploads\/2021\/01\/uniroyal-logo-1-12x12.png 12w, https:\/\/universalpneu.be\/work\/wp-content\/uploads\/2021\/01\/uniroyal-logo-1-468x468.png 468w, https:\/\/universalpneu.be\/work\/wp-content\/uploads\/2021\/01\/uniroyal-logo-1-806x806.png 806w, https:\/\/universalpneu.be\/work\/wp-content\/uploads\/2021\/01\/uniroyal-logo-1-558x558.png 558w, https:\/\/universalpneu.be\/work\/wp-content\/uploads\/2021\/01\/uniroyal-logo-1-655x655.png 655w, https:\/\/universalpneu.be\/work\/wp-content\/uploads\/2021\/01\/uniroyal-logo-1-820x820.png 820w, https:\/\/universalpneu.be\/work\/wp-content\/uploads\/2021\/01\/uniroyal-logo-1-220x220.png 220w, https:\/\/universalpneu.be\/work\/wp-content\/uploads\/2021\/01\/uniroyal-logo-1.png 1000w\" sizes=\"auto, (max-width: 150px) 100vw, 150px\" \/>\t\t\t\n\t\t\t        <\/div>\n\n    <\/div>\n    <div class=\"client-logos-col\">\n\n        <div class=\"c-logo wow fadeInLab\" data-wow-duration=\"1s\">\n\t\t\t\t\t\t\t<img loading=\"lazy\" decoding=\"async\" width=\"150\" height=\"150\" src=\"https:\/\/universalpneu.be\/work\/wp-content\/uploads\/2021\/01\/dunlop-150x150.png\" class=\"img-responsive attachment-thumbnail\" alt=\"\" srcset=\"https:\/\/universalpneu.be\/work\/wp-content\/uploads\/2021\/01\/dunlop-150x150.png 150w, https:\/\/universalpneu.be\/work\/wp-content\/uploads\/2021\/01\/dunlop-300x300.png 300w, https:\/\/universalpneu.be\/work\/wp-content\/uploads\/2021\/01\/dunlop-12x12.png 12w, https:\/\/universalpneu.be\/work\/wp-content\/uploads\/2021\/01\/dunlop-468x468.png 468w, https:\/\/universalpneu.be\/work\/wp-content\/uploads\/2021\/01\/dunlop-220x220.png 220w, https:\/\/universalpneu.be\/work\/wp-content\/uploads\/2021\/01\/dunlop.png 500w\" sizes=\"auto, (max-width: 150px) 100vw, 150px\" \/>\t\t\t\n\t\t\t        <\/div>\n\n    <\/div>\n    <div class=\"client-logos-col\">\n\n        <div class=\"c-logo wow fadeInLab\" data-wow-duration=\"1s\">\n\t\t\t\t\t\t\t<img loading=\"lazy\" decoding=\"async\" width=\"150\" height=\"150\" src=\"https:\/\/universalpneu.be\/work\/wp-content\/uploads\/2021\/01\/vredestein-150x150.png\" class=\"img-responsive attachment-thumbnail\" alt=\"\" srcset=\"https:\/\/universalpneu.be\/work\/wp-content\/uploads\/2021\/01\/vredestein-150x150.png 150w, https:\/\/universalpneu.be\/work\/wp-content\/uploads\/2021\/01\/vredestein-300x300.png 300w, https:\/\/universalpneu.be\/work\/wp-content\/uploads\/2021\/01\/vredestein-1024x1024.png 1024w, https:\/\/universalpneu.be\/work\/wp-content\/uploads\/2021\/01\/vredestein-768x768.png 768w, https:\/\/universalpneu.be\/work\/wp-content\/uploads\/2021\/01\/vredestein-1536x1536.png 1536w, https:\/\/universalpneu.be\/work\/wp-content\/uploads\/2021\/01\/vredestein-2048x2048.png 2048w, https:\/\/universalpneu.be\/work\/wp-content\/uploads\/2021\/01\/vredestein-12x12.png 12w, https:\/\/universalpneu.be\/work\/wp-content\/uploads\/2021\/01\/vredestein-468x468.png 468w, https:\/\/universalpneu.be\/work\/wp-content\/uploads\/2021\/01\/vredestein-1612x1612.png 1612w, https:\/\/universalpneu.be\/work\/wp-content\/uploads\/2021\/01\/vredestein-1116x1116.png 1116w, https:\/\/universalpneu.be\/work\/wp-content\/uploads\/2021\/01\/vredestein-806x806.png 806w, https:\/\/universalpneu.be\/work\/wp-content\/uploads\/2021\/01\/vredestein-558x558.png 558w, https:\/\/universalpneu.be\/work\/wp-content\/uploads\/2021\/01\/vredestein-655x655.png 655w, https:\/\/universalpneu.be\/work\/wp-content\/uploads\/2021\/01\/vredestein-820x820.png 820w, https:\/\/universalpneu.be\/work\/wp-content\/uploads\/2021\/01\/vredestein-220x220.png 220w\" sizes=\"auto, (max-width: 150px) 100vw, 150px\" \/>\t\t\t\n\t\t\t        <\/div>\n\n    <\/div>\n    <div class=\"client-logos-col\">\n\n        <div class=\"c-logo wow fadeInLab\" data-wow-duration=\"1s\">\n\t\t\t\t\t\t\t<img loading=\"lazy\" decoding=\"async\" width=\"150\" height=\"150\" src=\"https:\/\/universalpneu.be\/work\/wp-content\/uploads\/2021\/01\/continental-logo-1920x1080-2-150x150.png\" class=\"img-responsive attachment-thumbnail\" alt=\"\" srcset=\"https:\/\/universalpneu.be\/work\/wp-content\/uploads\/2021\/01\/continental-logo-1920x1080-2-150x150.png 150w, https:\/\/universalpneu.be\/work\/wp-content\/uploads\/2021\/01\/continental-logo-1920x1080-2-300x300.png 300w, https:\/\/universalpneu.be\/work\/wp-content\/uploads\/2021\/01\/continental-logo-1920x1080-2-768x768.png 768w, https:\/\/universalpneu.be\/work\/wp-content\/uploads\/2021\/01\/continental-logo-1920x1080-2-12x12.png 12w, https:\/\/universalpneu.be\/work\/wp-content\/uploads\/2021\/01\/continental-logo-1920x1080-2-468x468.png 468w, https:\/\/universalpneu.be\/work\/wp-content\/uploads\/2021\/01\/continental-logo-1920x1080-2-806x806.png 806w, https:\/\/universalpneu.be\/work\/wp-content\/uploads\/2021\/01\/continental-logo-1920x1080-2-558x558.png 558w, https:\/\/universalpneu.be\/work\/wp-content\/uploads\/2021\/01\/continental-logo-1920x1080-2-655x655.png 655w, https:\/\/universalpneu.be\/work\/wp-content\/uploads\/2021\/01\/continental-logo-1920x1080-2-820x820.png 820w, https:\/\/universalpneu.be\/work\/wp-content\/uploads\/2021\/01\/continental-logo-1920x1080-2-220x220.png 220w, https:\/\/universalpneu.be\/work\/wp-content\/uploads\/2021\/01\/continental-logo-1920x1080-2.png 984w\" sizes=\"auto, (max-width: 150px) 100vw, 150px\" \/>\t\t\t\n\t\t\t        <\/div>\n\n    <\/div>\n\n<\/div><div class=\"vc_separator wpb_content_element vc_separator_align_center vc_sep_width_100 vc_sep_pos_align_center vc_separator_no_text vc_sep_color_grey\" ><span class=\"vc_sep_holder vc_sep_holder_l\"><span  class=\"vc_sep_line\"><\/span><\/span><span class=\"vc_sep_holder vc_sep_holder_r\"><span  class=\"vc_sep_line\"><\/span><\/span>\n<\/div><\/div><\/div><\/div><\/div><\/div><div class=\"vc-row-container container\"><div class=\"vc_row wpb_row vc_row-fluid\"><div class=\"wpb_column vc_column_container vc_col-sm-6\"><div class=\"vc_column-inner\"><div class=\"wpb_wrapper\">\n\t<div class=\"wpb_text_column wpb_content_element  wpb_animate_when_almost_visible wpb_fadeInLeft fadeInLeft post-formatting\" >\n\t\t<div class=\"wpb_wrapper\">\n\t\t\t<p class=\" translation-block\">Bij Universal Pneu werken we samen met <strong><span class=\"visible-text\">de grootste merken<\/span><\/strong> op de markt voor uw winter- of zomerbanden.<\/p>\n<p class=\" translation-block\">We zijn uitgerust met gereedschap en hebben een <strong>specifieke brug voor motoren<\/strong>.<\/p>\n<p>U vindt bij ons zeer scherpe prijzen.<\/p>\n\n\t\t<\/div>\n\t<\/div>\n<\/div><\/div><\/div><div class=\"wpb_column vc_column_container vc_col-sm-6\"><div class=\"vc_column-inner\"><div class=\"wpb_wrapper\">\n\t<div class=\"wpb_text_column wpb_content_element  wpb_animate_when_almost_visible wpb_fadeInRight fadeInRight post-formatting\" >\n\t\t<div class=\"wpb_wrapper\">\n\t\t\t<h2 style=\"text-align: center;\">Klik here voor een afspraak maken. Enkel voor winter\/zomer banden bij ons gestokeerd.<\/h2>\n\n\t\t<\/div>\n\t<\/div>\n<div class=\"vc_row wpb_row vc_inner vc_row-fluid\"><div class=\"wpb_column vc_column_container vc_col-sm-6\"><div class=\"vc_column-inner\"><div class=\"wpb_wrapper\"><div class=\"vc_btn3-container  wpb_animate_when_almost_visible wpb_fadeInRight fadeInRight vc_btn3-center\" ><a style=\"background-color:#da0c18; color:#ffffff;\" class=\"vc_general vc_btn3 vc_btn3-size-md vc_btn3-shape-rounded vc_btn3-style-custom vc_btn3-icon-left\" href=\"http:\/\/www.clicrdv.com\/universal-pneu\" title=\"\" target=\"_blank\"><i class=\"vc_btn3-icon far fa-calendar-alt\"><\/i> Afspraak Brussel<\/a><\/div><\/div><\/div><\/div><div class=\"wpb_column vc_column_container vc_col-sm-6\"><div class=\"vc_column-inner\"><div class=\"wpb_wrapper\"><div class=\"vc_btn3-container  wpb_animate_when_almost_visible wpb_fadeInRight fadeInRight vc_btn3-center\" ><a style=\"background-color:#da0c18; color:#ffffff;\" class=\"vc_general vc_btn3 vc_btn3-size-md vc_btn3-shape-rounded vc_btn3-style-custom vc_btn3-icon-left\" href=\"http:\/\/clicrdv.com\/universal-pneu-mons\" title=\"\" target=\"_blank\"><i class=\"vc_btn3-icon far fa-calendar-alt\"><\/i> Afspraak Bergen<\/a><\/div><\/div><\/div><\/div><\/div><\/div><\/div><\/div><\/div><\/div><div class=\"vc-row-container container\"><div class=\"vc_row wpb_row vc_row-fluid\"><div class=\"wpb_column vc_column_container vc_col-sm-12\"><div class=\"vc_column-inner vc_custom_1611262512177\"><div class=\"wpb_wrapper\">\n<div class=\"vc_grid-container-wrapper vc_clearfix\">\n\t<div class=\"vc_grid-container vc_clearfix wpb_content_element vc_masonry_media_grid\" data-initial-loading-animation=\"fadeIn\" data-vc-grid-settings=\"{&quot;page_id&quot;:1984,&quot;style&quot;:&quot;all-masonry&quot;,&quot;action&quot;:&quot;vc_get_vc_grid_data&quot;,&quot;shortcode_id&quot;:&quot;1611829852035-ddfaa750-6d6c-7&quot;,&quot;tag&quot;:&quot;vc_masonry_media_grid&quot;}\" data-vc-request=\"https:\/\/universalpneu.be\/work\/wp-admin\/admin-ajax.php\" data-vc-post-id=\"1984\" data-vc-public-nonce=\"d420b7b296\">\n\t\t\n\t<\/div>\n<\/div><div class=\"vc_separator wpb_content_element vc_separator_align_center vc_sep_width_100 vc_sep_pos_align_center vc_separator_no_text vc_sep_color_grey\" ><span class=\"vc_sep_holder vc_sep_holder_l\"><span  class=\"vc_sep_line\"><\/span><\/span><span class=\"vc_sep_holder vc_sep_holder_r\"><span  class=\"vc_sep_line\"><\/span><\/span>\n<\/div><\/div><\/div><\/div><\/div><\/div>","protected":false},"excerpt":{"rendered":"Chez Universal Pneu, nous travaillons avec les plus grandes marques du march\u00e9 pour vos pneumatiques hiver ou \u00e9t\u00e9. Nous sommes \u00e9galement \u00e9quip\u00e9s des outillages de montage et nous disposons d\u2019un pont sp\u00e9cifique pour moto. Vous trouverez chez nous des prix tr\u00e8s concurrentiels. Rendez-vous pour pose pneus \u00e9t\u00e9\/hiver en gardiennage ? RDV Bruxelles RDV Mons","protected":false},"author":1,"featured_media":2096,"parent":8,"menu_order":0,"comment_status":"closed","ping_status":"closed","template":"","meta":{"footnotes":""},"class_list":["post-1984","page","type-page","status-publish","has-post-thumbnail","hentry"],"acf":[],"_links":{"self":[{"href":"https:\/\/universalpneu.be\/nl\/wp-json\/wp\/v2\/pages\/1984","targetHints":{"allow":["GET"]}}],"collection":[{"href":"https:\/\/universalpneu.be\/nl\/wp-json\/wp\/v2\/pages"}],"about":[{"href":"https:\/\/universalpneu.be\/nl\/wp-json\/wp\/v2\/types\/page"}],"author":[{"embeddable":true,"href":"https:\/\/universalpneu.be\/nl\/wp-json\/wp\/v2\/users\/1"}],"replies":[{"embeddable":true,"href":"https:\/\/universalpneu.be\/nl\/wp-json\/wp\/v2\/comments?post=1984"}],"version-history":[{"count":47,"href":"https:\/\/universalpneu.be\/nl\/wp-json\/wp\/v2\/pages\/1984\/revisions"}],"predecessor-version":[{"id":2262,"href":"https:\/\/universalpneu.be\/nl\/wp-json\/wp\/v2\/pages\/1984\/revisions\/2262"}],"up":[{"embeddable":true,"href":"https:\/\/universalpneu.be\/nl\/wp-json\/wp\/v2\/pages\/8"}],"wp:featuredmedia":[{"embeddable":true,"href":"https:\/\/universalpneu.be\/nl\/wp-json\/wp\/v2\/media\/2096"}],"wp:attachment":[{"href":"https:\/\/universalpneu.be\/nl\/wp-json\/wp\/v2\/media?parent=1984"}],"curies":[{"name":"wp","href":"https:\/\/api.w.org\/{rel}","templated":true}]}}